{"id":995,"date":"2013-12-01T05:26:12","date_gmt":"2013-12-01T05:26:12","guid":{"rendered":"http:\/\/wpexplorer-demos.com\/?page_id=995"},"modified":"2023-10-11T14:25:37","modified_gmt":"2023-10-11T14:25:37","slug":"servicios","status":"publish","type":"page","link":"https:\/\/thirteenproductions.es\/es\/servicios\/","title":{"rendered":"Servicios de producci\u00f3n audiovisual"},"content":{"rendered":"<section class=\"wpb-content-wrapper\">[vc_row full_width=&#8221;stretch_row&#8221; bg_style=&#8221;stretch&#8221; css=&#8221;.vc_custom_1692182387411{margin-top: 0px !important;margin-bottom: 0px !important;padding-top: 50px !important;padding-bottom: 50px !important;background-color: #000000 !important;}&#8221;][vc_column][vc_column_text color=&#8221;#ffffff&#8221; font_size=&#8221;23px&#8221; text_align=&#8221;center&#8221;]\n<h2><strong>Producci\u00f3n audiovisual<\/strong><\/h2>\n<p><strong>Hacemos tu idea posible<\/strong>, y para ello disponemos de todos los servicios necesarios para realizar todo tipo producciones audiovisuales de alta calidad. Nos mueve la pasi\u00f3n y el trabajo bien hecho. Somos expertos en los siguientes servicios:[\/vc_column_text][\/vc_column][\/vc_row][vc_row][vc_column]<div class=\"vcex-module vcex-divider vcex-divider-solid vcex-divider-center wpex-mx-auto wpex-block wpex-h-0 wpex-border-b wpex-border-solid wpex-border-main\" style=\"border-color:#333333;\"><\/div>[\/vc_column][\/vc_row][vc_row content_placement=&#8221;middle&#8221; bg_style=&#8221;stretch&#8221; css=&#8221;.vc_custom_1694687370862{padding-bottom: 2% !important;}&#8221;][vc_column width=&#8221;1\/4&#8243;]<div class=\"vcex-spacing wpex-w-100 wpex-clear\" style=\"height:20px;\"><\/div><figure class=\"vcex-image vcex-module textcenter\"><div class=\"vcex-image-inner wpex-relative wpex-inline-block\"><img loading=\"lazy\" class=\"vcex-image-img wpex-align-middle\" decoding=\"async\" src=\"https:\/\/thirteenproductions.es\/wp-content\/uploads\/2023\/08\/img-serveis-realizacion-2-160x160.png\" alt=\"\" srcset=\"https:\/\/thirteenproductions.es\/wp-content\/uploads\/2023\/08\/img-serveis-realizacion-2-160x160.png 160w, https:\/\/thirteenproductions.es\/wp-content\/uploads\/2023\/08\/img-serveis-realizacion-2-300x300.png 300w, https:\/\/thirteenproductions.es\/wp-content\/uploads\/2023\/08\/img-serveis-realizacion-2-150x150.png 150w, https:\/\/thirteenproductions.es\/wp-content\/uploads\/2023\/08\/img-serveis-realizacion-2-100x100.png 100w, https:\/\/thirteenproductions.es\/wp-content\/uploads\/2023\/08\/img-serveis-realizacion-2-160x160@2x.png 320w, https:\/\/thirteenproductions.es\/wp-content\/uploads\/2023\/08\/img-serveis-realizacion-2.png 384w, https:\/\/thirteenproductions.es\/wp-content\/uploads\/2023\/08\/img-serveis-realizacion-2-160x160@2x.png 2x\" width=\"160\" height=\"160\"><\/div><\/figure>[\/vc_column][vc_column width=&#8221;3\/4&#8243; style=&#8221;default&#8221; bg_style=&#8221;stretch&#8221; padding_left=&#8221;15px&#8221;][vc_column_text color=&#8221;#ffffff&#8221; font_family=&#8221;Nunito&#8221;]\n<h2>PRODUCCI\u00d3N<\/h2>\n[\/vc_column_text]<div class=\"vcex-spacing wpex-w-100 wpex-clear\" style=\"height:15px;\"><\/div>[vc_column_text color=&#8221;#ffffff&#8221; font_family=&#8221;Nunito&#8221; font_size=&#8221;15px&#8221;]Realizadores, DOP&#8217;s, editores, coloristas&#8230; Para garantizar al detalle cada aspecto de su proyecto.[\/vc_column_text][\/vc_column][\/vc_row][vc_row][vc_column]<div class=\"vcex-module vcex-divider vcex-divider-solid vcex-divider-center wpex-mx-auto wpex-block wpex-h-0 wpex-border-b wpex-border-solid wpex-border-main\" style=\"border-color:#333333;\"><\/div>[\/vc_column][\/vc_row][vc_row bg_style=&#8221;stretch&#8221; border_style=&#8221;solid&#8221; padding_top=&#8221;30px&#8221;][vc_column width=&#8221;1\/4&#8243;]<div class=\"vcex-spacing wpex-w-100 wpex-clear\" style=\"height:20px;\"><\/div><figure class=\"vcex-image vcex-module textcenter\"><div class=\"vcex-image-inner wpex-relative wpex-inline-block\"><img loading=\"lazy\" class=\"vcex-image-img wpex-align-middle\" decoding=\"async\" src=\"https:\/\/thirteenproductions.es\/wp-content\/uploads\/2023\/08\/img-serveis-postproduccion-160x160.png\" alt=\"\" srcset=\"https:\/\/thirteenproductions.es\/wp-content\/uploads\/2023\/08\/img-serveis-postproduccion-160x160.png 160w, https:\/\/thirteenproductions.es\/wp-content\/uploads\/2023\/08\/img-serveis-postproduccion-300x300.png 300w, https:\/\/thirteenproductions.es\/wp-content\/uploads\/2023\/08\/img-serveis-postproduccion-150x150.png 150w, https:\/\/thirteenproductions.es\/wp-content\/uploads\/2023\/08\/img-serveis-postproduccion-100x100.png 100w, https:\/\/thirteenproductions.es\/wp-content\/uploads\/2023\/08\/img-serveis-postproduccion-160x160@2x.png 320w, https:\/\/thirteenproductions.es\/wp-content\/uploads\/2023\/08\/img-serveis-postproduccion.png 384w, https:\/\/thirteenproductions.es\/wp-content\/uploads\/2023\/08\/img-serveis-postproduccion-160x160@2x.png 2x\" width=\"160\" height=\"160\"><\/div><\/figure>[\/vc_column][vc_column width=&#8221;3\/4&#8243; style=&#8221;default&#8221; bg_style=&#8221;stretch&#8221; padding_left=&#8221;15px&#8221;][vc_column_text color=&#8221;#ffffff&#8221;]\n<h2>POSTPRODUCCI\u00d3N<\/h2>\n[\/vc_column_text]<div class=\"vcex-spacing wpex-w-100 wpex-clear\" style=\"height:15px;\"><\/div>[vc_column_text color=&#8221;#ffffff&#8221; font_family=&#8221;Nunito&#8221; font_size=&#8221;15px&#8221;]Al perfeccionar cada aspecto (desde la etalonaje y la edici\u00f3n del color hasta los gr\u00e1ficos en movimiento y el dise\u00f1o de sonido), una posproducci\u00f3n excepcional eleva la experiencia general del espectador, lo que resulta en una mayor participaci\u00f3n de la audiencia, un mayor recuerdo de la marca y, en \u00faltima instancia, una campa\u00f1a de marketing m\u00e1s exitosa.[\/vc_column_text]<div class=\"vcex-spacing wpex-w-100 wpex-clear\" style=\"height:20px;\"><\/div>[vc_row_inner gap=&#8221;20&#8243;][vc_column_inner width=&#8221;1\/3&#8243;]<style>.vcex-image.vcex_69fde3d4d88c1 .vcex-image-inner{max-width:90px;}<\/style><figure class=\"vcex-image vcex-module textcenter vcex_69fde3d4d88c1\"><div class=\"vcex-image-inner wpex-relative wpex-inline-block\"><img width=\"384\" height=\"384\" src=\"https:\/\/thirteenproductions.es\/wp-content\/uploads\/2023\/08\/img-serveis-color-grading.png\" class=\"vcex-image-img wpex-align-middle\" alt=\"Color grading\" decoding=\"async\" loading=\"lazy\" srcset=\"https:\/\/thirteenproductions.es\/wp-content\/uploads\/2023\/08\/img-serveis-color-grading.png 384w, https:\/\/thirteenproductions.es\/wp-content\/uploads\/2023\/08\/img-serveis-color-grading-300x300.png 300w, https:\/\/thirteenproductions.es\/wp-content\/uploads\/2023\/08\/img-serveis-color-grading-150x150.png 150w, https:\/\/thirteenproductions.es\/wp-content\/uploads\/2023\/08\/img-serveis-color-grading-100x100.png 100w, https:\/\/thirteenproductions.es\/wp-content\/uploads\/2023\/08\/img-serveis-color-grading-160x160.png 160w, https:\/\/thirteenproductions.es\/wp-content\/uploads\/2023\/08\/img-serveis-color-grading-160x160@2x.png 320w\" sizes=\"(max-width: 384px) 100vw, 384px\" \/><\/div><figcaption class=\"vcex-image-caption wpex-mt-10\">Color grading<\/figcaption><\/figure>[\/vc_column_inner][vc_column_inner width=&#8221;1\/3&#8243;]<style>.vcex-image.vcex_69fde3d4d935a .vcex-image-inner{max-width:90px;}<\/style><figure class=\"vcex-image vcex-module textcenter vcex_69fde3d4d935a\"><div class=\"vcex-image-inner wpex-relative wpex-inline-block\"><img width=\"384\" height=\"384\" src=\"https:\/\/thirteenproductions.es\/wp-content\/uploads\/2023\/09\/img-serveis-motion-graphics.png\" class=\"vcex-image-img wpex-align-middle\" alt=\"Motion graphics\" decoding=\"async\" loading=\"lazy\" srcset=\"https:\/\/thirteenproductions.es\/wp-content\/uploads\/2023\/09\/img-serveis-motion-graphics.png 384w, https:\/\/thirteenproductions.es\/wp-content\/uploads\/2023\/09\/img-serveis-motion-graphics-300x300.png 300w, https:\/\/thirteenproductions.es\/wp-content\/uploads\/2023\/09\/img-serveis-motion-graphics-150x150.png 150w\" sizes=\"(max-width: 384px) 100vw, 384px\" \/><\/div><figcaption class=\"vcex-image-caption wpex-mt-10\">Motion graphics<\/figcaption><\/figure>[\/vc_column_inner][vc_column_inner width=&#8221;1\/3&#8243;]<style>.vcex-image.vcex_69fde3d4daa98 .vcex-image-inner{max-width:90px;}<\/style><figure class=\"vcex-image vcex-module textcenter vcex_69fde3d4daa98\"><div class=\"vcex-image-inner wpex-relative wpex-inline-block\"><img width=\"384\" height=\"384\" src=\"https:\/\/thirteenproductions.es\/wp-content\/uploads\/2023\/08\/img-serveis-composition.png\" class=\"vcex-image-img wpex-align-middle\" alt=\"Composici\u00f3n\" decoding=\"async\" loading=\"lazy\" srcset=\"https:\/\/thirteenproductions.es\/wp-content\/uploads\/2023\/08\/img-serveis-composition.png 384w, https:\/\/thirteenproductions.es\/wp-content\/uploads\/2023\/08\/img-serveis-composition-300x300.png 300w, https:\/\/thirteenproductions.es\/wp-content\/uploads\/2023\/08\/img-serveis-composition-150x150.png 150w, https:\/\/thirteenproductions.es\/wp-content\/uploads\/2023\/08\/img-serveis-composition-100x100.png 100w, https:\/\/thirteenproductions.es\/wp-content\/uploads\/2023\/08\/img-serveis-composition-160x160.png 160w, https:\/\/thirteenproductions.es\/wp-content\/uploads\/2023\/08\/img-serveis-composition-160x160@2x.png 320w\" sizes=\"(max-width: 384px) 100vw, 384px\" \/><\/div><figcaption class=\"vcex-image-caption wpex-mt-10\">Composici\u00f3n<\/figcaption><\/figure>[\/vc_column_inner][\/vc_row_inner][\/vc_column][\/vc_row][vc_row][vc_column]<div class=\"vcex-module vcex-divider vcex-divider-solid vcex-divider-center wpex-mx-auto wpex-block wpex-h-0 wpex-border-b wpex-border-solid wpex-border-main\" style=\"border-color:#333333;\"><\/div>[\/vc_column][\/vc_row][vc_row bg_style=&#8221;stretch&#8221; css=&#8221;.vc_custom_1694687402892{padding-bottom: 2% !important;}&#8221;][vc_column width=&#8221;1\/4&#8243;]<div class=\"vcex-spacing wpex-w-100 wpex-clear\" style=\"height:20px;\"><\/div><figure class=\"vcex-image vcex-module textcenter\"><div class=\"vcex-image-inner wpex-relative wpex-inline-block\"><img loading=\"lazy\" class=\"vcex-image-img wpex-align-middle\" decoding=\"async\" src=\"https:\/\/thirteenproductions.es\/wp-content\/uploads\/2023\/08\/img-serveis-dron-160x160.png\" alt=\"\" srcset=\"https:\/\/thirteenproductions.es\/wp-content\/uploads\/2023\/08\/img-serveis-dron-160x160.png 160w, https:\/\/thirteenproductions.es\/wp-content\/uploads\/2023\/08\/img-serveis-dron-300x300.png 300w, https:\/\/thirteenproductions.es\/wp-content\/uploads\/2023\/08\/img-serveis-dron-150x150.png 150w, https:\/\/thirteenproductions.es\/wp-content\/uploads\/2023\/08\/img-serveis-dron-100x100.png 100w, https:\/\/thirteenproductions.es\/wp-content\/uploads\/2023\/08\/img-serveis-dron-160x160@2x.png 320w, https:\/\/thirteenproductions.es\/wp-content\/uploads\/2023\/08\/img-serveis-dron.png 384w, https:\/\/thirteenproductions.es\/wp-content\/uploads\/2023\/08\/img-serveis-dron-160x160@2x.png 2x\" width=\"160\" height=\"160\"><\/div><\/figure>[\/vc_column][vc_column width=&#8221;3\/4&#8243; style=&#8221;default&#8221; bg_style=&#8221;stretch&#8221; padding_left=&#8221;15px&#8221;][vc_column_text color=&#8221;#ffffff&#8221;]\n<h2>DRONE<\/h2>\n[\/vc_column_text]<div class=\"vcex-spacing wpex-w-100 wpex-clear\" style=\"height:15px;\"><\/div>[vc_column_text color=&#8221;#ffffff&#8221; font_family=&#8221;Nunito&#8221; font_size=&#8221;15px&#8221;]Obtener las im\u00e1genes m\u00e1s impresionantes ser\u00e1 posible gracias a nuestros drones especialmente equipados para fotograf\u00eda y producci\u00f3n de v\u00eddeo. Ofrecemos soluciones espec\u00edficas para servicios a\u00e9reos en cualquier \u00e1mbito.[\/vc_column_text][\/vc_column][\/vc_row][vc_row][vc_column]<div class=\"vcex-module vcex-divider vcex-divider-solid vcex-divider-center wpex-mx-auto wpex-block wpex-h-0 wpex-border-b wpex-border-solid wpex-border-main\" style=\"border-color:#333333;\"><\/div>[\/vc_column][\/vc_row][vc_row bg_style=&#8221;stretch&#8221; css=&#8221;.vc_custom_1694687412137{padding-bottom: 2% !important;}&#8221;][vc_column width=&#8221;1\/4&#8243;]<div class=\"vcex-spacing wpex-w-100 wpex-clear\" style=\"height:20px;\"><\/div><figure class=\"vcex-image vcex-module textcenter\"><div class=\"vcex-image-inner wpex-relative wpex-inline-block\"><img loading=\"lazy\" class=\"vcex-image-img wpex-align-middle\" decoding=\"async\" src=\"https:\/\/thirteenproductions.es\/wp-content\/uploads\/2023\/08\/img-serveis-sonido-1-160x160.png\" alt=\"AUDIOVISUAL PRODUCTION SERVICES\" srcset=\"https:\/\/thirteenproductions.es\/wp-content\/uploads\/2023\/08\/img-serveis-sonido-1-160x160.png 160w, https:\/\/thirteenproductions.es\/wp-content\/uploads\/2023\/08\/img-serveis-sonido-1-300x300.png 300w, https:\/\/thirteenproductions.es\/wp-content\/uploads\/2023\/08\/img-serveis-sonido-1-150x150.png 150w, https:\/\/thirteenproductions.es\/wp-content\/uploads\/2023\/08\/img-serveis-sonido-1-100x100.png 100w, https:\/\/thirteenproductions.es\/wp-content\/uploads\/2023\/08\/img-serveis-sonido-1-160x160@2x.png 320w, https:\/\/thirteenproductions.es\/wp-content\/uploads\/2023\/08\/img-serveis-sonido-1.png 384w, https:\/\/thirteenproductions.es\/wp-content\/uploads\/2023\/08\/img-serveis-sonido-1-160x160@2x.png 2x\" width=\"160\" height=\"160\"><\/div><\/figure>[\/vc_column][vc_column width=&#8221;3\/4&#8243; style=&#8221;default&#8221; bg_style=&#8221;stretch&#8221; padding_left=&#8221;15px&#8221;][vc_column_text color=&#8221;#ffffff&#8221;]\n<h2>SONIDO<\/h2>\n[\/vc_column_text]<div class=\"vcex-spacing wpex-w-100 wpex-clear\" style=\"height:15px;\"><\/div>[vc_column_text color=&#8221;#ffffff&#8221; font_family=&#8221;Nunito&#8221; font_size=&#8221;15px&#8221;]Postproducci\u00f3n y Sonido Directo.[\/vc_column_text][\/vc_column][\/vc_row][vc_row][vc_column]<div class=\"vcex-module vcex-divider vcex-divider-solid vcex-divider-center wpex-mx-auto wpex-block wpex-h-0 wpex-border-b wpex-border-solid wpex-border-main\" style=\"margin-top:15px;margin-bottom:15px;border-color:#333333;\"><\/div>[\/vc_column][\/vc_row][vc_section full_width=&#8221;stretch_row&#8221; parallax=&#8221;content-moving&#8221; parallax_image=&#8221;5334&#8243; parallax_speed_bg=&#8221;1.6&#8243; css=&#8221;.vc_custom_1692701454704{padding-top: 90px !important;padding-bottom: 90px !important;}&#8221;][vc_row remove_bottom_col_margin=&#8221;true&#8221; bg_style=&#8221;stretch&#8221;][vc_column][vc_column_text text_align=&#8221;center&#8221; font_weight=&#8221;500&#8243; color=&#8221;#ffffff&#8221; font_size=&#8221;20px&#8221;]NUESTRO PROCESO DE TRABAJO:[\/vc_column_text][vc_empty_space height=&#8221;10px&#8221;]<a href=\"\/wp-content\/uploads\/2023\/08\/Making-of-Formentor-plato.mp4\" class=\"cq-videocover-lightbox\" data-lightbox-gallery=\"\" data-videowidth=\"850\" title=\"\"><div class=\"cq-videocover contorn-video-home\" data-iconsize=\"\" data-iconbgsize=\"\" data-iconcolor=\"\" data-iconbgcolor=\"\" data-tooltip=\"\" data-iconposition=\"center\"><img src=\"https:\/\/thirteenproductions.es\/wp-content\/uploads\/2023\/08\/img-make-serveis.jpg\" alt=\"\" class=\"cq-videocover-img roundlarge\"  \/><div class=\"cq-videocover-iconcontainer circle icon-center\"><i class=\"cq-videocover-icon fas fa-play-circle\"><\/i><\/div><\/div><\/a>[\/vc_column][\/vc_row][\/vc_section][vc_row][vc_column]<div class=\"templatera_shortcode\"><style type=\"text\/css\" data-type=\"vc_shortcodes-custom-css\">.vc_custom_1696319597664{margin-top: 0px !important;margin-bottom: 0px !important;border-top-width: 1px !important;border-bottom-width: 1px !important;padding-top: 90px !important;padding-bottom: 90px !important;background-color: #f5f5f5 !important;border-top-color: #333333 !important;border-top-style: solid !important;border-bottom-color: #333333 !important;border-bottom-style: solid !important;}.vc_custom_1694685535513{padding-bottom: 15px !important;}<\/style>[vc_row full_width=\"stretch_row\" parallax=\"vcex_parallax\" parallax_image=\"6314\" parallax_direction=\"down\" remove_bottom_col_margin=\"true\" css=\".vc_custom_1696319597664{margin-top: 0px !important;margin-bottom: 0px !important;border-top-width: 1px !important;border-bottom-width: 1px !important;padding-top: 90px !important;padding-bottom: 90px !important;background-color: #f5f5f5 !important;border-top-color: #333333 !important;border-top-style: solid !important;border-bottom-color: #333333 !important;border-bottom-style: solid !important;}\"][vc_column]<style>.vcex-heading.vcex_69fde3d4e2058{color:#ffffff;font-size:32px;font-weight:400;text-transform:uppercase;}<\/style><h2 class=\"vcex-heading vcex-heading-plain vcex-module wpex-text-2xl wpex-font-normal wpex-text-center vc_custom_1694685535513 vcex_69fde3d4e2058\"><span class=\"vcex-heading-inner wpex-inline-block\">NOS ENCANTAR\u00cdA CONSTRUIR ALGO INCRE\u00cdBLE JUNTOS<\/span><\/h2>[vc_column_text text_align=\"center\" font_weight=\"300\" color=\"#ffffff\" font_size=\"18px\"]\r\n<p style=\"text-align: center;\">Responderemos a todas tus dudas.<\/p>\r\n[\/vc_column_text]<div class=\"vcex-spacing wpex-w-100 wpex-clear\"><\/div><div class=\"theme-button-wrap textcenter wpex-clr\"><a href=\"\/contacto\/\" class=\"vcex-button theme-button flat medium align-center wpex-mb-40 inline  wpb_animate_when_almost_visible wpb_bounceIn bounceIn\" style=\"background:rgba(0,0,0,0.01);padding-top:15px;padding-right:30px;padding-bottom:15px;padding-left:30px;color:#ffffff;border:1px solid #ffffff;border-radius:var(--wpex-rounded-full);\" data-wpex-hover='{&quot;background&quot;:&quot;#ffffff&quot;,&quot;color&quot;:&quot;#000000&quot;}'><span class=\"vcex-button-inner theme-button-inner\">CONTACTA CON NOSOTROS<\/span><\/a><\/div> [\/vc_column][\/vc_row]<\/div>[\/vc_column][\/vc_row]\n<\/section>","protected":false},"excerpt":{"rendered":"<p>[vc_row full_width=&#8221;stretch_row&#8221; bg_style=&#8221;stretch&#8221; css=&#8221;.vc_custom_1692182387411{margin-top: 0px !important;margin-bottom: 0px !important;padding-top: 50px !important;padding-bottom: 50px !important;background-color: #000000 !important;}&#8221;][vc_column][vc_column_text color=&#8221;#ffffff&#8221; font_size=&#8221;23px&#8221; text_align=&#8221;center&#8221;] Producci\u00f3n audiovisual Hacemos tu idea posible, y para ello disponemos de todos los servicios necesarios para realizar todo tipo producciones audiovisuales de alta calidad. Nos mueve la pasi\u00f3n y el trabajo bien hecho. Somos expertos en los siguientes&hellip;<\/p>\n","protected":false},"author":1,"featured_media":4696,"parent":0,"menu_order":0,"comment_status":"closed","ping_status":"closed","template":"","meta":{"footnotes":""},"yoast_head":"<!-- This site is optimized with the Yoast SEO plugin v21.1 - https:\/\/yoast.com\/wordpress\/plugins\/seo\/ -->\n<title>Servicios de producci\u00f3n audiovisual - Thirteen<\/title>\n<meta name=\"description\" content=\"Impulsa tu marca con nuestros servicios de producci\u00f3n audiovisual de elite. Convertimos tus ideas en historias visuales cautivadoras\" \/>\n<meta name=\"robots\" content=\"index, follow, max-snippet:-1, max-image-preview:large, max-video-preview:-1\" \/>\n<link rel=\"canonical\" href=\"https:\/\/thirteenproductions.es\/es\/servicios\/\" \/>\n<meta property=\"og:locale\" content=\"es_ES\" \/>\n<meta property=\"og:type\" content=\"article\" \/>\n<meta property=\"og:title\" content=\"Servicios de producci\u00f3n audiovisual - Thirteen\" \/>\n<meta property=\"og:description\" content=\"Impulsa tu marca con nuestros servicios de producci\u00f3n audiovisual de elite. Convertimos tus ideas en historias visuales cautivadoras\" \/>\n<meta property=\"og:url\" content=\"https:\/\/thirteenproductions.es\/es\/servicios\/\" \/>\n<meta property=\"og:site_name\" content=\"Thirteen\" \/>\n<meta property=\"article:modified_time\" content=\"2023-10-11T14:25:37+00:00\" \/>\n<meta property=\"og:image\" content=\"https:\/\/thirteenproductions.es\/wp-content\/uploads\/2023\/08\/icona-Thirteen-negre.png\" \/>\n\t<meta property=\"og:image:width\" content=\"822\" \/>\n\t<meta property=\"og:image:height\" content=\"823\" \/>\n\t<meta property=\"og:image:type\" content=\"image\/png\" \/>\n<meta name=\"twitter:card\" content=\"summary_large_image\" \/>\n<meta name=\"twitter:label1\" content=\"Tiempo de lectura\" \/>\n\t<meta name=\"twitter:data1\" content=\"2 minutos\" \/>\n<script type=\"application\/ld+json\" class=\"yoast-schema-graph\">{\"@context\":\"https:\/\/schema.org\",\"@graph\":[{\"@type\":\"WebPage\",\"@id\":\"https:\/\/thirteenproductions.es\/es\/servicios\/\",\"url\":\"https:\/\/thirteenproductions.es\/es\/servicios\/\",\"name\":\"Servicios de producci\u00f3n audiovisual - Thirteen\",\"isPartOf\":{\"@id\":\"https:\/\/thirteenproductions.es\/es\/#website\"},\"datePublished\":\"2013-12-01T05:26:12+00:00\",\"dateModified\":\"2023-10-11T14:25:37+00:00\",\"description\":\"Impulsa tu marca con nuestros servicios de producci\u00f3n audiovisual de elite. Convertimos tus ideas en historias visuales cautivadoras\",\"breadcrumb\":{\"@id\":\"https:\/\/thirteenproductions.es\/es\/servicios\/#breadcrumb\"},\"inLanguage\":\"es\",\"potentialAction\":[{\"@type\":\"ReadAction\",\"target\":[\"https:\/\/thirteenproductions.es\/es\/servicios\/\"]}]},{\"@type\":\"BreadcrumbList\",\"@id\":\"https:\/\/thirteenproductions.es\/es\/servicios\/#breadcrumb\",\"itemListElement\":[{\"@type\":\"ListItem\",\"position\":1,\"name\":\"Home\",\"item\":\"https:\/\/thirteenproductions.es\/es\/\"},{\"@type\":\"ListItem\",\"position\":2,\"name\":\"Servicios de producci\u00f3n audiovisual\"}]},{\"@type\":\"WebSite\",\"@id\":\"https:\/\/thirteenproductions.es\/es\/#website\",\"url\":\"https:\/\/thirteenproductions.es\/es\/\",\"name\":\"Thirteen\",\"description\":\"Productora audiovisual\",\"publisher\":{\"@id\":\"https:\/\/thirteenproductions.es\/es\/#organization\"},\"potentialAction\":[{\"@type\":\"SearchAction\",\"target\":{\"@type\":\"EntryPoint\",\"urlTemplate\":\"https:\/\/thirteenproductions.es\/es\/?s={search_term_string}\"},\"query-input\":\"required name=search_term_string\"}],\"inLanguage\":\"es\"},{\"@type\":\"Organization\",\"@id\":\"https:\/\/thirteenproductions.es\/es\/#organization\",\"name\":\"Thirteen\",\"url\":\"https:\/\/thirteenproductions.es\/es\/\",\"logo\":{\"@type\":\"ImageObject\",\"inLanguage\":\"es\",\"@id\":\"https:\/\/thirteenproductions.es\/es\/#\/schema\/logo\/image\/\",\"url\":\"https:\/\/thirteenproductions.es\/wp-content\/uploads\/2023\/08\/icona-Thirteen-blanc.png\",\"contentUrl\":\"https:\/\/thirteenproductions.es\/wp-content\/uploads\/2023\/08\/icona-Thirteen-blanc.png\",\"width\":822,\"height\":823,\"caption\":\"Thirteen\"},\"image\":{\"@id\":\"https:\/\/thirteenproductions.es\/es\/#\/schema\/logo\/image\/\"}}]}<\/script>\n<!-- \/ Yoast SEO plugin. -->","yoast_head_json":{"title":"Servicios de producci\u00f3n audiovisual - Thirteen","description":"Impulsa tu marca con nuestros servicios de producci\u00f3n audiovisual de elite. Convertimos tus ideas en historias visuales cautivadoras","robots":{"index":"index","follow":"follow","max-snippet":"max-snippet:-1","max-image-preview":"max-image-preview:large","max-video-preview":"max-video-preview:-1"},"canonical":"https:\/\/thirteenproductions.es\/es\/servicios\/","og_locale":"es_ES","og_type":"article","og_title":"Servicios de producci\u00f3n audiovisual - Thirteen","og_description":"Impulsa tu marca con nuestros servicios de producci\u00f3n audiovisual de elite. Convertimos tus ideas en historias visuales cautivadoras","og_url":"https:\/\/thirteenproductions.es\/es\/servicios\/","og_site_name":"Thirteen","article_modified_time":"2023-10-11T14:25:37+00:00","og_image":[{"width":822,"height":823,"url":"https:\/\/thirteenproductions.es\/wp-content\/uploads\/2023\/08\/icona-Thirteen-negre.png","type":"image\/png"}],"twitter_card":"summary_large_image","twitter_misc":{"Tiempo de lectura":"2 minutos"},"schema":{"@context":"https:\/\/schema.org","@graph":[{"@type":"WebPage","@id":"https:\/\/thirteenproductions.es\/es\/servicios\/","url":"https:\/\/thirteenproductions.es\/es\/servicios\/","name":"Servicios de producci\u00f3n audiovisual - Thirteen","isPartOf":{"@id":"https:\/\/thirteenproductions.es\/es\/#website"},"datePublished":"2013-12-01T05:26:12+00:00","dateModified":"2023-10-11T14:25:37+00:00","description":"Impulsa tu marca con nuestros servicios de producci\u00f3n audiovisual de elite. Convertimos tus ideas en historias visuales cautivadoras","breadcrumb":{"@id":"https:\/\/thirteenproductions.es\/es\/servicios\/#breadcrumb"},"inLanguage":"es","potentialAction":[{"@type":"ReadAction","target":["https:\/\/thirteenproductions.es\/es\/servicios\/"]}]},{"@type":"BreadcrumbList","@id":"https:\/\/thirteenproductions.es\/es\/servicios\/#breadcrumb","itemListElement":[{"@type":"ListItem","position":1,"name":"Home","item":"https:\/\/thirteenproductions.es\/es\/"},{"@type":"ListItem","position":2,"name":"Servicios de producci\u00f3n audiovisual"}]},{"@type":"WebSite","@id":"https:\/\/thirteenproductions.es\/es\/#website","url":"https:\/\/thirteenproductions.es\/es\/","name":"Thirteen","description":"Productora audiovisual","publisher":{"@id":"https:\/\/thirteenproductions.es\/es\/#organization"},"potentialAction":[{"@type":"SearchAction","target":{"@type":"EntryPoint","urlTemplate":"https:\/\/thirteenproductions.es\/es\/?s={search_term_string}"},"query-input":"required name=search_term_string"}],"inLanguage":"es"},{"@type":"Organization","@id":"https:\/\/thirteenproductions.es\/es\/#organization","name":"Thirteen","url":"https:\/\/thirteenproductions.es\/es\/","logo":{"@type":"ImageObject","inLanguage":"es","@id":"https:\/\/thirteenproductions.es\/es\/#\/schema\/logo\/image\/","url":"https:\/\/thirteenproductions.es\/wp-content\/uploads\/2023\/08\/icona-Thirteen-blanc.png","contentUrl":"https:\/\/thirteenproductions.es\/wp-content\/uploads\/2023\/08\/icona-Thirteen-blanc.png","width":822,"height":823,"caption":"Thirteen"},"image":{"@id":"https:\/\/thirteenproductions.es\/es\/#\/schema\/logo\/image\/"}}]}},"_links":{"self":[{"href":"https:\/\/thirteenproductions.es\/es\/wp-json\/wp\/v2\/pages\/995"}],"collection":[{"href":"https:\/\/thirteenproductions.es\/es\/wp-json\/wp\/v2\/pages"}],"about":[{"href":"https:\/\/thirteenproductions.es\/es\/wp-json\/wp\/v2\/types\/page"}],"author":[{"embeddable":true,"href":"https:\/\/thirteenproductions.es\/es\/wp-json\/wp\/v2\/users\/1"}],"replies":[{"embeddable":true,"href":"https:\/\/thirteenproductions.es\/es\/wp-json\/wp\/v2\/comments?post=995"}],"version-history":[{"count":83,"href":"https:\/\/thirteenproductions.es\/es\/wp-json\/wp\/v2\/pages\/995\/revisions"}],"predecessor-version":[{"id":6348,"href":"https:\/\/thirteenproductions.es\/es\/wp-json\/wp\/v2\/pages\/995\/revisions\/6348"}],"wp:featuredmedia":[{"embeddable":true,"href":"https:\/\/thirteenproductions.es\/es\/wp-json\/wp\/v2\/media\/4696"}],"wp:attachment":[{"href":"https:\/\/thirteenproductions.es\/es\/wp-json\/wp\/v2\/media?parent=995"}],"curies":[{"name":"wp","href":"https:\/\/api.w.org\/{rel}","templated":true}]}}